{"id":134,"date":"2016-12-01T00:07:12","date_gmt":"2016-11-30T21:07:12","guid":{"rendered":"http:\/\/www.kapitetrade.com\/?page_id=134"},"modified":"2023-11-03T19:09:46","modified_gmt":"2023-11-03T16:09:46","slug":"kontakt","status":"publish","type":"page","link":"https:\/\/kapitetrade.com\/?page_id=134","title":{"rendered":"Kontakt"},"content":{"rendered":"<div id=\"pl-134\"  class=\"panel-layout\" ><div id=\"pg-134-0\"  class=\"panel-grid panel-no-style\" ><div id=\"pgc-134-0-0\"  class=\"panel-grid-cell\" ><div id=\"panel-134-0-0-0\" class=\"so-panel widget widget_sow-headline panel-first-child panel-last-child\" data-index=\"0\" ><div\n\t\t\t\n\t\t\tclass=\"so-widget-sow-headline so-widget-sow-headline-default-1cf78409ef0f-134\"\n\t\t\t\n\t\t><div class=\"sow-headline-container \">\n\t<h1 class='sow-headline'>Leia meid kaardilt v\u00f5i kirjuta meile s\u00f5num!<\/h1>\t\t\t\t\t<div class=\"decoration\">\n\t\t\t\t\t\t<div class=\"decoration-inside\"><\/div>\n\t\t\t\t\t<\/div>\n\t\t\t\t\t<\/div>\n<\/div><\/div><\/div><\/div><div id=\"pg-134-1\"  class=\"panel-grid panel-no-style\" ><div id=\"pgc-134-1-0\"  class=\"panel-grid-cell\" ><div id=\"panel-134-1-0-0\" class=\"so-panel widget widget_sow-editor panel-first-child panel-last-child\" data-index=\"1\" ><div\n\t\t\t\n\t\t\tclass=\"so-widget-sow-editor so-widget-sow-editor-base\"\n\t\t\t\n\t\t>\n<div class=\"siteorigin-widget-tinymce textwidget\">\n\t<div class=\"wpforms-container wpforms-container-full\" id=\"wpforms-286\"><form id=\"wpforms-form-286\" class=\"wpforms-validate wpforms-form\" data-formid=\"286\" method=\"post\" enctype=\"multipart\/form-data\" action=\"\/index.php?rest_route=%2Fwp%2Fv2%2Fpages%2F134\" data-token=\"e2fb800d45b8d49353bb32afaa14df61\"><noscript class=\"wpforms-error-noscript\">Please enable JavaScript in your browser to complete this form.<\/noscript><div class=\"wpforms-field-container\"><div id=\"wpforms-286-field_0-container\" class=\"wpforms-field wpforms-field-name\" data-field-id=\"0\"><label class=\"wpforms-field-label wpforms-label-hide\" for=\"wpforms-286-field_0\">Nimi <span class=\"wpforms-required-label\">*<\/span><\/label><input type=\"text\" id=\"wpforms-286-field_0\" class=\"wpforms-field-medium wpforms-field-required\" name=\"wpforms[fields][0]\" placeholder=\"Nimi\" required><\/div><div id=\"wpforms-286-field_1-container\" class=\"wpforms-field wpforms-field-email\" data-field-id=\"1\"><label class=\"wpforms-field-label wpforms-label-hide\" for=\"wpforms-286-field_1\">Email <span class=\"wpforms-required-label\">*<\/span><\/label><input type=\"email\" id=\"wpforms-286-field_1\" class=\"wpforms-field-medium wpforms-field-required\" name=\"wpforms[fields][1]\" placeholder=\"Email\" spellcheck=\"false\" required><\/div><div id=\"wpforms-286-field_2-container\" class=\"wpforms-field wpforms-field-textarea\" data-field-id=\"2\"><label class=\"wpforms-field-label wpforms-label-hide\" for=\"wpforms-286-field_2\">S\u00f5num <span class=\"wpforms-required-label\">*<\/span><\/label><textarea id=\"wpforms-286-field_2\" class=\"wpforms-field-medium wpforms-field-required\" name=\"wpforms[fields][2]\" placeholder=\"S\u00f5num\" required><\/textarea><\/div><\/div><!-- .wpforms-field-container --><div class=\"wpforms-field wpforms-field-hp\"><label for=\"wpforms-286-field-hp\" class=\"wpforms-field-label\">Name<\/label><input type=\"text\" name=\"wpforms[hp]\" id=\"wpforms-286-field-hp\" class=\"wpforms-field-medium\"><\/div><div class=\"wpforms-submit-container\" ><input type=\"hidden\" name=\"wpforms[id]\" value=\"286\"><input type=\"hidden\" name=\"wpforms[author]\" value=\"1\"><button type=\"submit\" name=\"wpforms[submit]\" id=\"wpforms-submit-286\" class=\"wpforms-submit\" data-alt-text=\"Saadan...\" data-submit-text=\"Saada\" aria-live=\"assertive\" value=\"wpforms-submit\">Saada<\/button><\/div><\/form><\/div>  <!-- .wpforms-container -->\n<\/div>\n<\/div><\/div><\/div><div id=\"pgc-134-1-1\"  class=\"panel-grid-cell\" ><div id=\"panel-134-1-1-0\" class=\"so-panel widget widget_sow-google-map panel-first-child panel-last-child\" data-index=\"2\" ><div\n\t\t\t\n\t\t\tclass=\"so-widget-sow-google-map so-widget-sow-google-map-default-5006d6f6236c-134\"\n\t\t\t\n\t\t>\n<div class=\"sow-google-map-canvas\"\n\tstyle=\"\"\n\tid=\"map-canvas-8d67a60fda8c9dfeadadcdf8622158c1\"\n\tdata-options=\"{&quot;address&quot;:&quot;Kesklinn, P\\u00e4rnu, P\\u00e4rnu linn&quot;,&quot;zoom&quot;:12,&quot;mobileZoom&quot;:12,&quot;gestureHandling&quot;:&quot;greedy&quot;,&quot;disableUi&quot;:true,&quot;keepCentered&quot;:false,&quot;markerIcon&quot;:&quot;https:\\\/\\\/i0.wp.com\\\/kapitetrade.com\\\/wp-content\\\/uploads\\\/2016\\\/12\\\/ee31b70e2af71c3e815d4401ee514792eb77e7d21eb81349_1920-e1480578023706.png?resize=29%2C50&amp;ssl=1&quot;,&quot;markersDraggable&quot;:true,&quot;markerAtCenter&quot;:true,&quot;markerInfoDisplay&quot;:&quot;click&quot;,&quot;markerInfoMultiple&quot;:true,&quot;markerPositions&quot;:&quot;&quot;,&quot;mapName&quot;:&quot;&quot;,&quot;mapStyles&quot;:&quot;&quot;,&quot;directions&quot;:&quot;&quot;,&quot;apiKey&quot;:&quot;AIzaSyCsxigKU3CzyHNSll6RmR7yhYZVBeDhVKw&quot;,&quot;breakpoint&quot;:780}\"\n\tdata-fallback-image=\"{&quot;img&quot;:&quot;&quot;}\"><\/div>\n<\/div><\/div><\/div><\/div><div id=\"pg-134-2\"  class=\"panel-grid panel-no-style\" ><div id=\"pgc-134-2-0\"  class=\"panel-grid-cell panel-grid-cell-empty\" ><\/div><div id=\"pgc-134-2-1\"  class=\"panel-grid-cell panel-grid-cell-mobile-last\" ><div id=\"panel-134-2-1-0\" class=\"so-panel widget widget_text panel-first-child panel-last-child\" data-index=\"3\" >\t\t\t<div class=\"textwidget\"><p>Vahe t 23-7, P\u00e4rnu 80031, Eesti<br \/>\nReg nr: 11495677<br \/>\nKMKR nr.: EE101240992<br \/>\nTel: +372 52 888 55 \/ +372 53413411<br \/>\nE-mail: kapitetrade@gmail.com<\/p>\n<\/div>\n\t\t<\/div><\/div><div id=\"pgc-134-2-2\"  class=\"panel-grid-cell panel-grid-cell-empty\" ><\/div><\/div><div id=\"pg-134-3\"  class=\"panel-grid panel-no-style\" ><div id=\"pgc-134-3-0\"  class=\"panel-grid-cell\" ><div id=\"panel-134-3-0-0\" class=\"so-panel widget widget_sow-image panel-first-child panel-last-child\" data-index=\"4\" ><div\n\t\t\t\n\t\t\tclass=\"so-widget-sow-image so-widget-sow-image-default-c67d20f9f743-134\"\n\t\t\t\n\t\t>\n\n<div class=\"sow-image-container\">\n\t\t<img decoding=\"async\" src=\"https:\/\/i0.wp.com\/kapitetrade.com\/wp-content\/uploads\/2023\/11\/creditinfo_meilijalus_2023_10a_650x150_est.png?fit=650%2C150&amp;ssl=1\" width=\"650\" height=\"150\" srcset=\"https:\/\/i0.wp.com\/kapitetrade.com\/wp-content\/uploads\/2023\/11\/creditinfo_meilijalus_2023_10a_650x150_est.png?w=650&amp;ssl=1 650w, https:\/\/i0.wp.com\/kapitetrade.com\/wp-content\/uploads\/2023\/11\/creditinfo_meilijalus_2023_10a_650x150_est.png?resize=300%2C69&amp;ssl=1 300w\" alt=\"\" loading=\"lazy\" \t\tclass=\"so-widget-image\"\/>\n\t<\/div>\n\n<\/div><\/div><\/div><\/div><\/div>","protected":false},"excerpt":{"rendered":"<p>Leia meid kaardilt v\u00f5i kirjuta meile s\u00f5num! Please enable JavaScript in your browser to complete this form.Nimi *Email *S\u00f5num *NameSaada Vahe t 23-7, P\u00e4rnu 80031, Eesti Reg nr: 11495677 KMKR nr.: EE101240992 Tel: +372 52 888 55 \/ +372 53413411 E-mail: kapitetrade@gmail.com<\/p>\n","protected":false},"author":1,"featured_media":0,"parent":0,"menu_order":0,"comment_status":"closed","ping_status":"closed","template":"","meta":{"_genesis_hide_title":false,"_genesis_hide_breadcrumbs":false,"_genesis_hide_singular_image":false,"_genesis_hide_footer_widgets":false,"_genesis_custom_body_class":"","_genesis_custom_post_class":"","_genesis_layout":"","jetpack_post_was_ever_published":false,"footnotes":""},"class_list":{"0":"post-134","1":"page","2":"type-page","3":"status-publish","5":"entry"},"yoast_head":"<!-- This site is optimized with the Yoast SEO plugin v22.4 - https:\/\/yoast.com\/wordpress\/plugins\/seo\/ -->\n<title>Kontakt - Kapite Trade O\u00dc<\/title>\n<meta name=\"robots\" content=\"index, follow, max-snippet:-1, max-image-preview:large, max-video-preview:-1\" \/>\n<link rel=\"canonical\" href=\"https:\/\/kapitetrade.com\/?page_id=134\" \/>\n<meta property=\"og:locale\" content=\"et_EE\" \/>\n<meta property=\"og:type\" content=\"article\" \/>\n<meta property=\"og:title\" content=\"Kontakt - Kapite Trade O\u00dc\" \/>\n<meta property=\"og:description\" content=\"Leia meid kaardilt v\u00f5i kirjuta meile s\u00f5num! Please enable JavaScript in your browser to complete this form.Nimi *Email *S\u00f5num *MessageSaada Vahe t 23-7, P\u00e4rnu 80031, Eesti Reg nr: 11495677 KMKR nr.: EE101240992 Tel: +372 52 888 55 \/ +372 53413411 E-mail: kapitetrade@gmail.com\" \/>\n<meta property=\"og:url\" content=\"https:\/\/kapitetrade.com\/?page_id=134\" \/>\n<meta property=\"og:site_name\" content=\"Kapite Trade O\u00dc\" \/>\n<meta property=\"article:modified_time\" content=\"2023-11-03T16:09:46+00:00\" \/>\n<meta name=\"twitter:card\" content=\"summary_large_image\" \/>\n<meta name=\"twitter:label1\" content=\"Est. reading time\" \/>\n\t<meta name=\"twitter:data1\" content=\"1 minut\" \/>\n<script type=\"application\/ld+json\" class=\"yoast-schema-graph\">{\"@context\":\"https:\/\/schema.org\",\"@graph\":[{\"@type\":\"WebPage\",\"@id\":\"https:\/\/kapitetrade.com\/?page_id=134\",\"url\":\"https:\/\/kapitetrade.com\/?page_id=134\",\"name\":\"Kontakt - Kapite Trade O\u00dc\",\"isPartOf\":{\"@id\":\"https:\/\/kapitetrade.com\/#website\"},\"datePublished\":\"2016-11-30T21:07:12+00:00\",\"dateModified\":\"2023-11-03T16:09:46+00:00\",\"breadcrumb\":{\"@id\":\"https:\/\/kapitetrade.com\/?page_id=134#breadcrumb\"},\"inLanguage\":\"et\",\"potentialAction\":[{\"@type\":\"ReadAction\",\"target\":[\"https:\/\/kapitetrade.com\/?page_id=134\"]}]},{\"@type\":\"BreadcrumbList\",\"@id\":\"https:\/\/kapitetrade.com\/?page_id=134#breadcrumb\",\"itemListElement\":[{\"@type\":\"ListItem\",\"position\":1,\"name\":\"Home\",\"item\":\"https:\/\/kapitetrade.com\/\"},{\"@type\":\"ListItem\",\"position\":2,\"name\":\"Kontakt\"}]},{\"@type\":\"WebSite\",\"@id\":\"https:\/\/kapitetrade.com\/#website\",\"url\":\"https:\/\/kapitetrade.com\/\",\"name\":\"Kapite Trade O\u00dc\",\"description\":\"V\u00e4rskeim k\u00fclmutatud kalafilee!\",\"publisher\":{\"@id\":\"https:\/\/kapitetrade.com\/#organization\"},\"potentialAction\":[{\"@type\":\"SearchAction\",\"target\":{\"@type\":\"EntryPoint\",\"urlTemplate\":\"https:\/\/kapitetrade.com\/?s={search_term_string}\"},\"query-input\":\"required name=search_term_string\"}],\"inLanguage\":\"et\"},{\"@type\":\"Organization\",\"@id\":\"https:\/\/kapitetrade.com\/#organization\",\"name\":\"Kapite Trade O\u00dc\",\"url\":\"https:\/\/kapitetrade.com\/\",\"logo\":{\"@type\":\"ImageObject\",\"inLanguage\":\"et\",\"@id\":\"https:\/\/kapitetrade.com\/#\/schema\/logo\/image\/\",\"url\":\"https:\/\/i0.wp.com\/www.kapitetrade.com\/wp-content\/uploads\/2016\/11\/Asset-4.png?fit=1760%2C992\",\"contentUrl\":\"https:\/\/i0.wp.com\/www.kapitetrade.com\/wp-content\/uploads\/2016\/11\/Asset-4.png?fit=1760%2C992\",\"width\":1760,\"height\":992,\"caption\":\"Kapite Trade O\u00dc\"},\"image\":{\"@id\":\"https:\/\/kapitetrade.com\/#\/schema\/logo\/image\/\"}}]}<\/script>\n<!-- \/ Yoast SEO plugin. -->","yoast_head_json":{"title":"Kontakt - Kapite Trade O\u00dc","robots":{"index":"index","follow":"follow","max-snippet":"max-snippet:-1","max-image-preview":"max-image-preview:large","max-video-preview":"max-video-preview:-1"},"canonical":"https:\/\/kapitetrade.com\/?page_id=134","og_locale":"et_EE","og_type":"article","og_title":"Kontakt - Kapite Trade O\u00dc","og_description":"Leia meid kaardilt v\u00f5i kirjuta meile s\u00f5num! Please enable JavaScript in your browser to complete this form.Nimi *Email *S\u00f5num *MessageSaada Vahe t 23-7, P\u00e4rnu 80031, Eesti Reg nr: 11495677 KMKR nr.: EE101240992 Tel: +372 52 888 55 \/ +372 53413411 E-mail: kapitetrade@gmail.com","og_url":"https:\/\/kapitetrade.com\/?page_id=134","og_site_name":"Kapite Trade O\u00dc","article_modified_time":"2023-11-03T16:09:46+00:00","twitter_card":"summary_large_image","twitter_misc":{"Est. reading time":"1 minut"},"schema":{"@context":"https:\/\/schema.org","@graph":[{"@type":"WebPage","@id":"https:\/\/kapitetrade.com\/?page_id=134","url":"https:\/\/kapitetrade.com\/?page_id=134","name":"Kontakt - Kapite Trade O\u00dc","isPartOf":{"@id":"https:\/\/kapitetrade.com\/#website"},"datePublished":"2016-11-30T21:07:12+00:00","dateModified":"2023-11-03T16:09:46+00:00","breadcrumb":{"@id":"https:\/\/kapitetrade.com\/?page_id=134#breadcrumb"},"inLanguage":"et","potentialAction":[{"@type":"ReadAction","target":["https:\/\/kapitetrade.com\/?page_id=134"]}]},{"@type":"BreadcrumbList","@id":"https:\/\/kapitetrade.com\/?page_id=134#breadcrumb","itemListElement":[{"@type":"ListItem","position":1,"name":"Home","item":"https:\/\/kapitetrade.com\/"},{"@type":"ListItem","position":2,"name":"Kontakt"}]},{"@type":"WebSite","@id":"https:\/\/kapitetrade.com\/#website","url":"https:\/\/kapitetrade.com\/","name":"Kapite Trade O\u00dc","description":"V\u00e4rskeim k\u00fclmutatud kalafilee!","publisher":{"@id":"https:\/\/kapitetrade.com\/#organization"},"potentialAction":[{"@type":"SearchAction","target":{"@type":"EntryPoint","urlTemplate":"https:\/\/kapitetrade.com\/?s={search_term_string}"},"query-input":"required name=search_term_string"}],"inLanguage":"et"},{"@type":"Organization","@id":"https:\/\/kapitetrade.com\/#organization","name":"Kapite Trade O\u00dc","url":"https:\/\/kapitetrade.com\/","logo":{"@type":"ImageObject","inLanguage":"et","@id":"https:\/\/kapitetrade.com\/#\/schema\/logo\/image\/","url":"https:\/\/i0.wp.com\/www.kapitetrade.com\/wp-content\/uploads\/2016\/11\/Asset-4.png?fit=1760%2C992","contentUrl":"https:\/\/i0.wp.com\/www.kapitetrade.com\/wp-content\/uploads\/2016\/11\/Asset-4.png?fit=1760%2C992","width":1760,"height":992,"caption":"Kapite Trade O\u00dc"},"image":{"@id":"https:\/\/kapitetrade.com\/#\/schema\/logo\/image\/"}}]}},"jetpack_sharing_enabled":true,"jetpack_shortlink":"https:\/\/wp.me\/P7Y6a3-2a","_links":{"self":[{"href":"https:\/\/kapitetrade.com\/index.php?rest_route=\/wp\/v2\/pages\/134","targetHints":{"allow":["GET"]}}],"collection":[{"href":"https:\/\/kapitetrade.com\/index.php?rest_route=\/wp\/v2\/pages"}],"about":[{"href":"https:\/\/kapitetrade.com\/index.php?rest_route=\/wp\/v2\/types\/page"}],"author":[{"embeddable":true,"href":"https:\/\/kapitetrade.com\/index.php?rest_route=\/wp\/v2\/users\/1"}],"replies":[{"embeddable":true,"href":"https:\/\/kapitetrade.com\/index.php?rest_route=%2Fwp%2Fv2%2Fcomments&post=134"}],"version-history":[{"count":33,"href":"https:\/\/kapitetrade.com\/index.php?rest_route=\/wp\/v2\/pages\/134\/revisions"}],"predecessor-version":[{"id":400,"href":"https:\/\/kapitetrade.com\/index.php?rest_route=\/wp\/v2\/pages\/134\/revisions\/400"}],"wp:attachment":[{"href":"https:\/\/kapitetrade.com\/index.php?rest_route=%2Fwp%2Fv2%2Fmedia&parent=134"}],"curies":[{"name":"wp","href":"https:\/\/api.w.org\/{rel}","templated":true}]}}